{"id":666,"date":"2021-05-10T10:55:36","date_gmt":"2021-05-10T10:55:36","guid":{"rendered":"https:\/\/seau.com\/?page_id=666"},"modified":"2021-07-03T12:15:40","modified_gmt":"2021-07-03T12:15:40","slug":"seau-luxusimmobilien-quinta-do-lago-vale-do-lobo","status":"publish","type":"page","link":"https:\/\/seau.com\/de\/","title":{"rendered":"SEAU, Luxusimmobilien \u2022 Quinta do Lago &#038; Vale do Lobo"},"content":{"rendered":"[et_pb_section fb_built=&#8220;1&#8243; admin_label=&#8220;section&#8220; _builder_version=&#8220;3.22&#8243;][et_pb_row admin_label=&#8220;row&#8220; _builder_version=&#8220;3.25&#8243; background_size=&#8220;initial&#8220; background_position=&#8220;top_left&#8220; background_repeat=&#8220;repeat&#8220;][et_pb_column type=&#8220;4_4&#8243; _builder_version=&#8220;3.25&#8243; custom_padding=&#8220;|||&#8220; custom_padding__hover=&#8220;|||&#8220;][et_pb_text _builder_version=&#8220;4.9.7&#8243; _module_preset=&#8220;default&#8220;]<h1 style=\"text-align: center;\">SEAU \u2022 Real estate in Portugal<br \/>specialized in luxury coastal homes<\/h1>[\/et_pb_text][et_pb_blog fullwidth=&#8220;off&#8220; include_categories=&#8220;82&#8243; excerpt_length=&#8220;100&#8243; show_author=&#8220;off&#8220; show_date=&#8220;off&#8220; show_categories=&#8220;off&#8220; masonry_tile_background_color=&#8220;RGBA(0,0,0,0)&#8220; _builder_version=&#8220;4.9.7&#8243; _module_preset=&#8220;default&#8220;][\/et_pb_blog][et_pb_text admin_label=&#8220;Text&#8220; _builder_version=&#8220;4.9.7&#8243; background_size=&#8220;initial&#8220; background_position=&#8220;top_left&#8220; background_repeat=&#8220;repeat&#8220; hover_enabled=&#8220;0&#8243; sticky_enabled=&#8220;0&#8243;]Bei SEAU.com helfen wir Anlegern, die besten Anlagem\u00f6glichkeiten in der Gegend von Quinta do Lago und Vale do Lobo zu finden. Das Wissen unseres Teams hat sich in den letzten Jahrzehnten durch die Beteiligung an Hunderten von Immobilientransaktionen seit den 90er Jahren angeeignet.\n\n<div id=\"attachment_670\" style=\"width: 1290px\" class=\"wp-caption alignnone\"><a href=\"https:\/\/seau.com\/images\/mapa-quinta-do-lago-vale-do-lobo.jpg\"><img loading=\"lazy\" decoding=\"async\" aria-describedby=\"caption-attachment-670\" class=\"wp-image-670 size-full\" src=\"https:\/\/seau.com\/images\/mapa-quinta-do-lago-vale-do-lobo.jpg\" alt=\"Karte der Ferienorte Quinta do Lago, Vale do Lobo und Umgebung mit den verschiedenen D\u00f6rfern am Meer. Das SEAU.com B\u00fcro befindet sich 600 Meter vom ersten Kreisverkehr in Quinta do Lago\" width=\"1280\" height=\"960\" \/><\/a><p id=\"caption-attachment-670\" class=\"wp-caption-text\">Karte der Ferienorte Quinta do Lago, Vale do Lobo und Umgebung mit den verschiedenen D\u00f6rfern am Meer. Das SEAU.com B\u00fcro befindet sich 600 Meter vom ersten Kreisverkehr in Quinta do Lago<\/p><\/div>\n\nWir sind lokal in der Gegend von Quinta do Lago und Vale do Lobo. Wir verf\u00fcgen \u00fcber einen pers\u00f6nlichen Service und kennen das gesamte Universum der zum Verkauf stehenden Immobilien in dieser Gegend\n\nSEAU.com geh\u00f6rt einem Unternehmen in Portugal, das seit +15 Jahren von einem Team von Agenten in Quinta do Lago und Vale do Lobo . gef\u00fchrt wird\n\n&nbsp;\n\n[\/et_pb_text][\/et_pb_column][\/et_pb_row][\/et_pb_section]","protected":false},"excerpt":{"rendered":"<p>SEAU \u2022 Real estate in Portugalspecialized in luxury coastal homesBei SEAU.com helfen wir Anlegern, die besten Anlagem\u00f6glichkeiten in der Gegend von Quinta do Lago und Vale do Lobo zu finden. Das Wissen unseres Teams hat sich in den letzten Jahrzehnten durch die Beteiligung an Hunderten von Immobilientransaktionen seit den 90er Jahren angeeignet. Wir sind lokal [&hellip;]<\/p>\n","protected":false},"author":1,"featured_media":0,"parent":0,"menu_order":0,"comment_status":"closed","ping_status":"open","template":"","meta":{"_et_pb_use_builder":"on","_et_pb_old_content":"","_et_gb_content_width":"","footnotes":""},"_links":{"self":[{"href":"https:\/\/seau.com\/de\/wp-json\/wp\/v2\/pages\/666"}],"collection":[{"href":"https:\/\/seau.com\/de\/wp-json\/wp\/v2\/pages"}],"about":[{"href":"https:\/\/seau.com\/de\/wp-json\/wp\/v2\/types\/page"}],"author":[{"embeddable":true,"href":"https:\/\/seau.com\/de\/wp-json\/wp\/v2\/users\/1"}],"replies":[{"embeddable":true,"href":"https:\/\/seau.com\/de\/wp-json\/wp\/v2\/comments?post=666"}],"version-history":[{"count":13,"href":"https:\/\/seau.com\/de\/wp-json\/wp\/v2\/pages\/666\/revisions"}],"predecessor-version":[{"id":1638,"href":"https:\/\/seau.com\/de\/wp-json\/wp\/v2\/pages\/666\/revisions\/1638"}],"wp:attachment":[{"href":"https:\/\/seau.com\/de\/wp-json\/wp\/v2\/media?parent=666"}],"curies":[{"name":"wp","href":"https:\/\/api.w.org\/{rel}","templated":true}]}}