{"id":668,"date":"2021-05-10T10:57:05","date_gmt":"2021-05-10T10:57:05","guid":{"rendered":"https:\/\/seau.com\/?page_id=668"},"modified":"2021-07-03T12:20:21","modified_gmt":"2021-07-03T12:20:21","slug":"seau-inmobiliaria-de-lujo-quinta-do-lago-vale-do-lobo","status":"publish","type":"page","link":"https:\/\/seau.com\/es\/","title":{"rendered":"SEAU, inmobili\u00e1ria de lujo \u2022 Quinta do Lago &#038; Vale do Lobo"},"content":{"rendered":"[et_pb_section fb_built=\u00bb1&#8243; admin_label=\u00bbsection\u00bb _builder_version=\u00bb3.22&#8243;][et_pb_row admin_label=\u00bbrow\u00bb _builder_version=\u00bb3.25&#8243; background_size=\u00bbinitial\u00bb background_position=\u00bbtop_left\u00bb background_repeat=\u00bbrepeat\u00bb][et_pb_column type=\u00bb4_4&#8243; _builder_version=\u00bb3.25&#8243; custom_padding=\u00bb|||\u00bb custom_padding__hover=\u00bb|||\u00bb][et_pb_text _builder_version=\u00bb4.9.7&#8243; _module_preset=\u00bbdefault\u00bb]<h1 style=\"text-align: center;\">SEAU \u2022 Real estate in Portugal<br \/>specialized in luxury coastal homes<\/h1>[\/et_pb_text][et_pb_blog fullwidth=\u00bboff\u00bb include_categories=\u00bb82&#8243; excerpt_length=\u00bb100&#8243; show_author=\u00bboff\u00bb show_date=\u00bboff\u00bb show_categories=\u00bboff\u00bb masonry_tile_background_color=\u00bbRGBA(0,0,0,0)\u00bb _builder_version=\u00bb4.9.7&#8243; _module_preset=\u00bbdefault\u00bb][\/et_pb_blog][et_pb_text admin_label=\u00bbText\u00bb _builder_version=\u00bb4.9.7&#8243; background_size=\u00bbinitial\u00bb background_position=\u00bbtop_left\u00bb background_repeat=\u00bbrepeat\u00bb hover_enabled=\u00bb0&#8243; sticky_enabled=\u00bb0&#8243;]En SEAU.com, ayudamos a los inversores a encontrar las mejores opciones de inversi\u00f3n en el \u00e1rea de Quinta do Lago y Vale do Lobo. El conocimiento de nuestro equipo ha sido adquirido durante las \u00faltimas d\u00e9cadas, habiendo participado en cientos de transacciones inmobiliarias desde los a\u00f1os 90.\n\n<div id=\"attachment_670\" style=\"width: 1290px\" class=\"wp-caption alignnone\"><a href=\"https:\/\/seau.com\/images\/mapa-quinta-do-lago-vale-do-lobo.jpg\"><img loading=\"lazy\" decoding=\"async\" aria-describedby=\"caption-attachment-670\" class=\"wp-image-670 size-full\" src=\"https:\/\/seau.com\/images\/mapa-quinta-do-lago-vale-do-lobo.jpg\" alt=\"Mapa de los complejos tur\u00edsticos de Quinta do Lago, Vale do Lobo y \u00e1reas cercanas con los diversos pueblos cerca del mar. La oficina de SEAU.com se encuentra a 600 metros de la primera rotonda Quinta do Lago\" width=\"1280\" height=\"960\" \/><\/a><p id=\"caption-attachment-670\" class=\"wp-caption-text\">Mapa de los complejos tur\u00edsticos de Quinta do Lago, Vale do Lobo y \u00e1reas cercanas con los diversos pueblos cerca del mar. La oficina de SEAU.com se encuentra a 600 metros de la primera rotonda Quinta do Lago<\/p><\/div>\n\nSomos locales en el \u00e1rea de Quinta do Lago y Vale do Lobo. Tenemos a tu disposici\u00f3n un servicio personalizado, conociendo todo el universo de propiedades en venta en esta zona\n\nSEAU.com es propiedad de una empresa en Portugal, gestionada por un equipo de agentes durante +15 a\u00f1os en Quinta do Lago y Vale do Lobo\n\n&nbsp;\n\n[\/et_pb_text][\/et_pb_column][\/et_pb_row][\/et_pb_section]","protected":false},"excerpt":{"rendered":"<p>SEAU \u2022 Real estate in Portugalspecialized in luxury coastal homesEn SEAU.com, ayudamos a los inversores a encontrar las mejores opciones de inversi\u00f3n en el \u00e1rea de Quinta do Lago y Vale do Lobo. El conocimiento de nuestro equipo ha sido adquirido durante las \u00faltimas d\u00e9cadas, habiendo participado en cientos de transacciones inmobiliarias desde los a\u00f1os [&hellip;]<\/p>\n","protected":false},"author":1,"featured_media":0,"parent":0,"menu_order":0,"comment_status":"closed","ping_status":"open","template":"","meta":{"_et_pb_use_builder":"on","_et_pb_old_content":"","_et_gb_content_width":"","footnotes":""},"_links":{"self":[{"href":"https:\/\/seau.com\/es\/wp-json\/wp\/v2\/pages\/668"}],"collection":[{"href":"https:\/\/seau.com\/es\/wp-json\/wp\/v2\/pages"}],"about":[{"href":"https:\/\/seau.com\/es\/wp-json\/wp\/v2\/types\/page"}],"author":[{"embeddable":true,"href":"https:\/\/seau.com\/es\/wp-json\/wp\/v2\/users\/1"}],"replies":[{"embeddable":true,"href":"https:\/\/seau.com\/es\/wp-json\/wp\/v2\/comments?post=668"}],"version-history":[{"count":11,"href":"https:\/\/seau.com\/es\/wp-json\/wp\/v2\/pages\/668\/revisions"}],"predecessor-version":[{"id":1639,"href":"https:\/\/seau.com\/es\/wp-json\/wp\/v2\/pages\/668\/revisions\/1639"}],"wp:attachment":[{"href":"https:\/\/seau.com\/es\/wp-json\/wp\/v2\/media?parent=668"}],"curies":[{"name":"wp","href":"https:\/\/api.w.org\/{rel}","templated":true}]}}