{"id":665,"date":"2021-05-10T10:57:53","date_gmt":"2021-05-10T10:57:53","guid":{"rendered":"https:\/\/seau.com\/?page_id=665"},"modified":"2021-07-03T12:21:14","modified_gmt":"2021-07-03T12:21:14","slug":"seau-immobilier-de-luxe-quinta-do-lago-vale-do-lobo","status":"publish","type":"page","link":"https:\/\/seau.com\/fr\/","title":{"rendered":"SEAU, immobilier de luxe \u2022 Quinta do Lago &#038; Vale do Lobo"},"content":{"rendered":"[et_pb_section fb_built=\u00a0\u00bb1&Prime; admin_label=\u00a0\u00bbsection\u00a0\u00bb _builder_version=\u00a0\u00bb3.22&Prime;][et_pb_row admin_label=\u00a0\u00bbrow\u00a0\u00bb _builder_version=\u00a0\u00bb3.25&Prime; background_size=\u00a0\u00bbinitial\u00a0\u00bb background_position=\u00a0\u00bbtop_left\u00a0\u00bb background_repeat=\u00a0\u00bbrepeat\u00a0\u00bb][et_pb_column type=\u00a0\u00bb4_4&Prime; _builder_version=\u00a0\u00bb3.25&Prime; custom_padding=\u00a0\u00bb|||\u00a0\u00bb custom_padding__hover=\u00a0\u00bb|||\u00a0\u00bb][et_pb_text _builder_version=\u00a0\u00bb4.9.7&Prime; _module_preset=\u00a0\u00bbdefault\u00a0\u00bb]<h1 style=\"text-align: center;\">SEAU \u2022 Real estate in Portugal<br \/>specialized in luxury coastal homes<\/h1>[\/et_pb_text][et_pb_blog fullwidth=\u00a0\u00bboff\u00a0\u00bb include_categories=\u00a0\u00bb82&Prime; excerpt_length=\u00a0\u00bb100&Prime; show_author=\u00a0\u00bboff\u00a0\u00bb show_date=\u00a0\u00bboff\u00a0\u00bb show_categories=\u00a0\u00bboff\u00a0\u00bb masonry_tile_background_color=\u00a0\u00bbRGBA(0,0,0,0)\u00a0\u00bb _builder_version=\u00a0\u00bb4.9.7&Prime; _module_preset=\u00a0\u00bbdefault\u00a0\u00bb][\/et_pb_blog][et_pb_text admin_label=\u00a0\u00bbText\u00a0\u00bb _builder_version=\u00a0\u00bb4.9.7&Prime; background_size=\u00a0\u00bbinitial\u00a0\u00bb background_position=\u00a0\u00bbtop_left\u00a0\u00bb background_repeat=\u00a0\u00bbrepeat\u00a0\u00bb hover_enabled=\u00a0\u00bb0&Prime; sticky_enabled=\u00a0\u00bb0&Prime;]Chez SEAU.com, nous aidons les investisseurs \u00e0 trouver les meilleures options d&rsquo;investissement dans la r\u00e9gion de Quinta do Lago et Vale do Lobo. Les connaissances de notre \u00e9quipe ont \u00e9t\u00e9 acquises au cours des derni\u00e8res d\u00e9cennies, ayant particip\u00e9 \u00e0 des centaines de transactions immobili\u00e8res depuis les ann\u00e9es 90.\n\n<div id=\"attachment_670\" style=\"width: 1290px\" class=\"wp-caption alignnone\"><a href=\"https:\/\/seau.com\/images\/mapa-quinta-do-lago-vale-do-lobo.jpg\"><img loading=\"lazy\" decoding=\"async\" aria-describedby=\"caption-attachment-670\" class=\"wp-image-670 size-full\" src=\"https:\/\/seau.com\/images\/mapa-quinta-do-lago-vale-do-lobo.jpg\" alt=\"Carte des stations baln\u00e9aires de Quinta do Lago, Vale do Lobo et des environs avec les diff\u00e9rents villages pr\u00e8s de la mer. Le bureau SEAU.com est situ\u00e9 \u00e0 600 m\u00e8tres du premier rond-point Quinta do Lago\" width=\"1280\" height=\"960\" \/><\/a><p id=\"caption-attachment-670\" class=\"wp-caption-text\">Carte des stations baln\u00e9aires de Quinta do Lago, Vale do Lobo et des environs avec les diff\u00e9rents villages pr\u00e8s de la mer. Le bureau SEAU.com est situ\u00e9 \u00e0 600 m\u00e8tres du premier rond-point Quinta do Lago<\/p><\/div>\n\nNous sommes locaux dans la r\u00e9gion de Quinta do Lago et Vale do Lobo. Nous avons \u00e0 votre disposition un service personnalis\u00e9, connaissant tout l&rsquo;univers des propri\u00e9t\u00e9s \u00e0 vendre dans ce domaine\n\nSEAU.com appartient \u00e0 une soci\u00e9t\u00e9 au Portugal, g\u00e9r\u00e9e par une \u00e9quipe d&rsquo;agents depuis +15 ans \u00e0 Quinta do Lago et Vale do Lobo\n\n&nbsp;\n\n[\/et_pb_text][\/et_pb_column][\/et_pb_row][\/et_pb_section]","protected":false},"excerpt":{"rendered":"<p>SEAU \u2022 Real estate in Portugalspecialized in luxury coastal homesChez SEAU.com, nous aidons les investisseurs \u00e0 trouver les meilleures options d&rsquo;investissement dans la r\u00e9gion de Quinta do Lago et Vale do Lobo. Les connaissances de notre \u00e9quipe ont \u00e9t\u00e9 acquises au cours des derni\u00e8res d\u00e9cennies, ayant particip\u00e9 \u00e0 des centaines de transactions immobili\u00e8res depuis les [&hellip;]<\/p>\n","protected":false},"author":1,"featured_media":0,"parent":0,"menu_order":0,"comment_status":"closed","ping_status":"open","template":"","meta":{"_et_pb_use_builder":"on","_et_pb_old_content":"En SEAU.com, ayudamos a los inversores a encontrar las mejores opciones de inversi\u00f3n en el \u00e1rea de Quinta do Lago y Vale do Lobo. El conocimiento de nuestro equipo ha sido adquirido durante las \u00faltimas d\u00e9cadas, habiendo participado en cientos de transacciones inmobiliarias desde los a\u00f1os 90.\r\n\r\n[caption id=\"attachment_675\" align=\"alignnone\" width=\"1280\"]<img class=\"size-full wp-image-675\" src=\"https:\/\/seau.com\/images\/mapa-quinta-do-lago-vale-do-lobo.jpg\" alt=\"Carte des r\u00e9gions de Quinta do Lago et de Vale do Lobo. Les bureaux de SEAU.com sont situ\u00e9s \u00e0 QuintaPortal, \u00e0 600 m\u00e8tres du premier rond-point de Quinta do Lago\" width=\"1280\" height=\"960\" \/> Carte des r\u00e9gions de Quinta do Lago et de Vale do Lobo. Les bureaux de SEAU.com sont situ\u00e9s \u00e0 QuintaPortal, \u00e0 600 m\u00e8tres du premier rond-point de Quinta do Lago[\/caption]\r\n\r\nSomos locales en el \u00e1rea de Quinta do Lago y Vale do Lobo. Tenemos a su disposici\u00f3n un servicio personalizado, conociendo todo el universo de propiedades en venta exclusivamente entre Quinta do Lago y Vale do Lobo\r\n\r\nSEAU.com es propiedad de una empresa en Portugal, gestionada por un equipo de agentes durante +15 a\u00f1os en Quinta do Lago y Vale do Lobo","_et_gb_content_width":"","footnotes":""},"_links":{"self":[{"href":"https:\/\/seau.com\/fr\/wp-json\/wp\/v2\/pages\/665"}],"collection":[{"href":"https:\/\/seau.com\/fr\/wp-json\/wp\/v2\/pages"}],"about":[{"href":"https:\/\/seau.com\/fr\/wp-json\/wp\/v2\/types\/page"}],"author":[{"embeddable":true,"href":"https:\/\/seau.com\/fr\/wp-json\/wp\/v2\/users\/1"}],"replies":[{"embeddable":true,"href":"https:\/\/seau.com\/fr\/wp-json\/wp\/v2\/comments?post=665"}],"version-history":[{"count":10,"href":"https:\/\/seau.com\/fr\/wp-json\/wp\/v2\/pages\/665\/revisions"}],"predecessor-version":[{"id":1640,"href":"https:\/\/seau.com\/fr\/wp-json\/wp\/v2\/pages\/665\/revisions\/1640"}],"wp:attachment":[{"href":"https:\/\/seau.com\/fr\/wp-json\/wp\/v2\/media?parent=665"}],"curies":[{"name":"wp","href":"https:\/\/api.w.org\/{rel}","templated":true}]}}