{"id":689,"date":"2021-05-10T11:15:52","date_gmt":"2021-05-10T11:15:52","guid":{"rendered":"https:\/\/seau.com\/?page_id=689"},"modified":"2021-07-03T12:13:10","modified_gmt":"2021-07-03T12:13:10","slug":"seau-imobiliaria-de-luxo-quinta-do-lago-vale-do-lobo","status":"publish","type":"page","link":"https:\/\/seau.com\/pt\/","title":{"rendered":"SEAU, imobili\u00e1ria de luxo \u2022 Quinta do Lago &#038; Vale do Lobo"},"content":{"rendered":"[et_pb_section fb_built=&#8221;1&#8243; admin_label=&#8221;section&#8221; _builder_version=&#8221;3.22&#8243;][et_pb_row admin_label=&#8221;row&#8221; _builder_version=&#8221;3.25&#8243; background_size=&#8221;initial&#8221; background_position=&#8221;top_left&#8221; background_repeat=&#8221;repeat&#8221;][et_pb_column type=&#8221;4_4&#8243; _builder_version=&#8221;3.25&#8243; custom_padding=&#8221;|||&#8221; custom_padding__hover=&#8221;|||&#8221;][et_pb_text _builder_version=&#8221;4.9.7&#8243; _module_preset=&#8221;default&#8221;]<h1 style=\"text-align: center;\">SEAU \u2022 Real estate in Portugal<br \/>specialized in luxury coastal homes<\/h1>[\/et_pb_text][et_pb_blog fullwidth=&#8221;off&#8221; include_categories=&#8221;82&#8243; excerpt_length=&#8221;100&#8243; show_author=&#8221;off&#8221; show_date=&#8221;off&#8221; show_categories=&#8221;off&#8221; masonry_tile_background_color=&#8221;RGBA(0,0,0,0)&#8221; _builder_version=&#8221;4.9.7&#8243; _module_preset=&#8221;default&#8221;][\/et_pb_blog][et_pb_text admin_label=&#8221;Text&#8221; _builder_version=&#8221;4.9.7&#8243; background_size=&#8221;initial&#8221; background_position=&#8221;top_left&#8221; background_repeat=&#8221;repeat&#8221; hover_enabled=&#8221;0&#8243; sticky_enabled=&#8221;0&#8243;]Na SEAU.com, ajudamos os investidores a encontrar as melhores op\u00e7\u00f5es de investimento na zona da Quinta do Lago e Vale do Lobo. O conhecimento da nossa equipa foi adquirido ao longo das \u00faltimas d\u00e9cadas, tendo participado em centenas de transa\u00e7\u00f5es imobili\u00e1rias desde a d\u00e9cada de 90.\n\n<div id=\"attachment_670\" style=\"width: 1290px\" class=\"wp-caption alignnone\"><a href=\"https:\/\/seau.com\/images\/mapa-quinta-do-lago-vale-do-lobo.jpg\"><img loading=\"lazy\" decoding=\"async\" aria-describedby=\"caption-attachment-670\" class=\"wp-image-670 size-full\" src=\"https:\/\/seau.com\/images\/mapa-quinta-do-lago-vale-do-lobo.jpg\" alt=\"Mapa dos resorts da Quinta do Lago, Vale do Lobo e \u00e1reas pr\u00f3ximas com os v\u00e1rios aldeamentos perto do mar. O escrit\u00f3rio SEAU.com est\u00e1 hospedado a 600 metros da primeira rotunda Quinta do Lago\" width=\"1280\" height=\"960\" \/><\/a><p id=\"caption-attachment-670\" class=\"wp-caption-text\">Mapa dos resorts da Quinta do Lago, Vale do Lobo e \u00e1reas pr\u00f3ximas com os v\u00e1rios aldeamentos perto do mar. O escrit\u00f3rio SEAU.com est\u00e1 hospedado a 600 metros da primeira rotunda Quinta do Lago<\/p><\/div>\n\nSomos locais na zona da Quinta do Lago e Vale do Lobo. Temos ao seu dispor um atendimento personalizado, conhecendo todo o universo de im\u00f3veis para venda nesta zona.\n\nSEAU.com \u00e9 propriedade de uma empresa em Portugal, gerida por uma equipa de agentes h\u00e1 +15 anos na Quinta do Lago e Vale do Lobo\n\n&nbsp;\n\n[\/et_pb_text][\/et_pb_column][\/et_pb_row][\/et_pb_section]","protected":false},"excerpt":{"rendered":"<p>SEAU \u2022 Real estate in Portugalspecialized in luxury coastal homesNa SEAU.com, ajudamos os investidores a encontrar as melhores op\u00e7\u00f5es de investimento na zona da Quinta do Lago e Vale do Lobo. O conhecimento da nossa equipa foi adquirido ao longo das \u00faltimas d\u00e9cadas, tendo participado em centenas de transa\u00e7\u00f5es imobili\u00e1rias desde a d\u00e9cada de 90. [&hellip;]<\/p>\n","protected":false},"author":1,"featured_media":0,"parent":0,"menu_order":0,"comment_status":"closed","ping_status":"open","template":"","meta":{"_et_pb_use_builder":"on","_et_pb_old_content":"","_et_gb_content_width":"","footnotes":""},"_links":{"self":[{"href":"https:\/\/seau.com\/pt\/wp-json\/wp\/v2\/pages\/689"}],"collection":[{"href":"https:\/\/seau.com\/pt\/wp-json\/wp\/v2\/pages"}],"about":[{"href":"https:\/\/seau.com\/pt\/wp-json\/wp\/v2\/types\/page"}],"author":[{"embeddable":true,"href":"https:\/\/seau.com\/pt\/wp-json\/wp\/v2\/users\/1"}],"replies":[{"embeddable":true,"href":"https:\/\/seau.com\/pt\/wp-json\/wp\/v2\/comments?post=689"}],"version-history":[{"count":18,"href":"https:\/\/seau.com\/pt\/wp-json\/wp\/v2\/pages\/689\/revisions"}],"predecessor-version":[{"id":1636,"href":"https:\/\/seau.com\/pt\/wp-json\/wp\/v2\/pages\/689\/revisions\/1636"}],"wp:attachment":[{"href":"https:\/\/seau.com\/pt\/wp-json\/wp\/v2\/media?parent=689"}],"curies":[{"name":"wp","href":"https:\/\/api.w.org\/{rel}","templated":true}]}}